{"id":431,"date":"2013-12-08T14:18:22","date_gmt":"2013-12-08T13:18:22","guid":{"rendered":"http:\/\/www.therideoneducation.nl\/?page_id=431"},"modified":"2026-03-07T21:11:51","modified_gmt":"2026-03-07T20:11:51","slug":"naar-school-in-haiti","status":"publish","type":"page","link":"https:\/\/www.therideoneducation.nl\/?page_id=431","title":{"rendered":"Stichting Naar School in Haiti"},"content":{"rendered":"\n<div class=\"wp-block-media-text alignwide is-stacked-on-mobile\" style=\"grid-template-columns:40% auto\"><figure class=\"wp-block-media-text__media\"><img decoding=\"async\" src=\"http:\/\/www.therideoneducation.nl\/wp-content\/uploads\/2019\/03\/School-r.jpg\" alt=\"\"\/><\/figure><div class=\"wp-block-media-text__content\">\n<h3 class=\"wp-block-heading\">Ieder kind heeft recht op onderwijs<\/h3>\n\n\n\n<p>Dit recht wordt werkelijkheid voor de kinderen in Ha\u00efti die gesteund worden door Stichting Naar School in Ha\u00efti. Dankzij de stichting kunnen zij naar school en bouwen aan een toekomst.<\/p>\n<\/div><\/div>\n\n\n\n<h2 class=\"wp-block-heading\"><strong><span style=\"font-size: medium;\"><strong>Onderwijs als weg uit armoede<\/strong><\/span><\/strong><\/h2>\n\n\n\n<p>Vanuit de overtuiging \u2018<em>onderwijs is het begin van het einde van armoede\u2019\u00a0<\/em>begon Marijke Zaalberg in 1998 met het geven van onderwijs in de bergen ten zuiden van Port-au-Prince. Het begin van Stichting Naar School in Ha\u00efti.<\/p>\n\n\n\n<div class=\"wp-block-media-text alignwide has-media-on-the-right is-stacked-on-mobile\" style=\"grid-template-columns:auto 42%\"><div class=\"wp-block-media-text__content\">\n<p>Onze school groeide uit tot een veilige plek waar honderden kinderen onderwijs kregen, een maaltijd ontvingen en zich konden ontwikkelen. Het hoofdgebouw beschikt over zestien lokalen, een keuken, een kinderopvanghuis, een vrijwilligersverblijf, een eigen watervoorziening, vier houten kleuterlokalen, een schoolbakkerij en een moestuin. Begin 2025 bereikte het aanhoudende bendegeweld echter ook de omgeving van de school. Met pijn in ons hart moesten wij het schoolgebouw verlaten en sloegen veel gezinnen op de vlucht.<\/p>\n\n\n\n<p>Toch gingen de lessen door. Ons moedige team van leerkrachten gaf onderwijs vanuit woonhuizen, kerkgebouwen en tijdelijke lokalen op de plekken waar leerlingen waren terechtgekomen.<br><\/p>\n<\/div><figure class=\"wp-block-media-text__media\"><img decoding=\"async\" src=\"http:\/\/www.therideoneducation.nl\/wp-content\/uploads\/2019\/03\/Leerlingen buiten-r.jpg\" alt=\"\"\/><\/figure><\/div>\n\n\n\n<div class=\"wp-block-media-text alignwide is-stacked-on-mobile\" style=\"grid-template-columns:33% auto\"><figure class=\"wp-block-media-text__media\"><img loading=\"lazy\" decoding=\"async\" width=\"1024\" height=\"768\" src=\"https:\/\/www.therideoneducation.nl\/wp-content\/uploads\/2026\/03\/Montage-Noir-2026.jpg\" alt=\"\" class=\"wp-image-12048 size-full\" srcset=\"https:\/\/www.therideoneducation.nl\/wp-content\/uploads\/2026\/03\/Montage-Noir-2026.jpg 1024w, https:\/\/www.therideoneducation.nl\/wp-content\/uploads\/2026\/03\/Montage-Noir-2026-300x225.jpg 300w\" sizes=\"auto, (max-width: 1024px) 100vw, 1024px\" \/><\/figure><div class=\"wp-block-media-text__content\">\n<p><strong>Een nieuwe schoollocatie<\/strong><\/p>\n\n\n\n<p>Sinds februari 2026 is de school gevestigd op een nieuwe (vooralsnog tijdelijke)&nbsp;locatie in Montagne Noire&nbsp;(P\u00e9tionville). Een gebouw met zeventien lokalen, kantoren, een keuken en toiletten. Hier volgen circa 300 kinderen onderwijs: van de kleuterschool tot en met de derde klas van de middelbare school. Iedere schooldag krijgen de kinderen een schoolontbijt.<\/p>\n\n\n\n<p>Tot aan onze gedwongen verhuizing ontvingen de kinderen ook een warme maaltijd \u2014 vaak hun enige maaltijd van de dag. We hopen dit vanuit onze nieuwe locatie weer mogelijk te maken.<\/p>\n\n\n\n<p><\/p>\n<\/div><\/div>\n\n\n\n<div class=\"wp-block-media-text has-media-on-the-right is-stacked-on-mobile\" style=\"grid-template-columns:auto 32%\"><div class=\"wp-block-media-text__content\">\n<p>Naast onderwijs bieden wij noodhulp. We delen voedselpakketten uit, helpen met medische zorg en ondersteunen kinderen en gezinnen waar dat het hardst nodig is.<\/p>\n\n\n\n<p>Eerder organiseerden we ook projecten om de leefomstandigheden in de omgeving te verbeteren, zoals het uitdelen van zaden en geiten en hulp bij het bouwen van aardbeving bestendige huisjes. Door het geweld liggen deze projecten momenteel stil, maar we hopen ze in rustiger tijden weer te kunnen oppakken.<\/p>\n\n\n\n<p>Ha\u00efti is \u00e9\u00e9n van de armste landen ter wereld. Een land waar meer dan 80% &nbsp;van de bevolking analfabeet en werkloos is en dat regelmatig wordt geteisterd door natuurgeweld en bendegeweld. Maar ook een land waar kinderen die gesteund worden door Stichting Naar School in Ha\u00efti een kans krijgen op een beter bestaan.<\/p>\n\n\n\n<p>Voor de financiering van haar werk is de stichting volledig afhankelijk van donaties van particulieren, bedrijven, scholen, kerken en instellingen.<br>Uw hulp is dus hard nodig!<\/p>\n<\/div><figure class=\"wp-block-media-text__media\"><img loading=\"lazy\" decoding=\"async\" width=\"768\" height=\"1024\" src=\"https:\/\/www.therideoneducation.nl\/wp-content\/uploads\/2026\/03\/Leerlingen-in-de-klas-2026-768x1024.jpeg\" alt=\"\" class=\"wp-image-12049 size-full\" srcset=\"https:\/\/www.therideoneducation.nl\/wp-content\/uploads\/2026\/03\/Leerlingen-in-de-klas-2026-768x1024.jpeg 768w, https:\/\/www.therideoneducation.nl\/wp-content\/uploads\/2026\/03\/Leerlingen-in-de-klas-2026-225x300.jpeg 225w, https:\/\/www.therideoneducation.nl\/wp-content\/uploads\/2026\/03\/Leerlingen-in-de-klas-2026.jpeg 810w\" sizes=\"auto, (max-width: 768px) 100vw, 768px\" \/><\/figure><\/div>\n\n\n\n<p>Fietst u mee voor de kinderen in Ha\u00efti? Wilt u een mooie fietsvakantie koppelen aan ontwikkelingshulp:<\/p>\n\n\n\n<div class=\"wp-block-buttons is-layout-flex wp-block-buttons-is-layout-flex\">\n<div class=\"wp-block-button\"><a class=\"wp-block-button__link wp-element-button\" href=\"https:\/\/www.therideoneducation.nl\/?page_id=4721\">Fiets dan met ons mee!<\/a><\/div>\n<\/div>\n\n\n\n<p><\/p>\n\n\n\n<figure class=\"wp-block-image alignleft\"><img decoding=\"async\" src=\"http:\/\/www.therideoneducation.nl\/wp-content\/uploads\/2013\/03\/logo-SNSiH-png-formaat.png\" alt=\"\"\/><\/figure>\n\n\n\n<p><a href=\"http:\/\/www.stichtingnaarschoolinhaiti.nl\" target=\"_blank\" rel=\"noopener\"><b>www.StichtingNaarSchoolinHaiti.nl<\/b><\/a><br><a href=\"http:\/\/www.facebook.com\/stichtingnaarschoolinhaiti\" target=\"_blank\" rel=\"noopener\"><img loading=\"lazy\" decoding=\"async\" width=\"45\" height=\"45\" style=\"float: left; padding-right: 10px; margin-top: 0px;\" src=\"http:\/\/www.therideoneducation.nl\/wp-content\/uploads\/2017\/01\/facebook-1.png\">\u00ad<\/a> <a href=\"https:\/\/twitter.com\/@MarijkeHaiti\" target=\"_blank\" rel=\"noopener\"><img loading=\"lazy\" decoding=\"async\" width=\"55\" height=\"55\" style=\"float: left; padding-right: 12px; margin-top: -4px;\" src=\"http:\/\/www.therideoneducation.nl\/wp-content\/uploads\/2017\/01\/twitter-1.jpg\"><\/a><a href=\"mailto:info@stichtingnaarschoolinhaiti.nl\"><img loading=\"lazy\" decoding=\"async\" width=\"41\" height=\"41\" style=\"float: left; margin-top: 3px;\" src=\"http:\/\/www.therideoneducation.nl\/wp-content\/uploads\/2017\/01\/mail-2.png\"><\/a><\/p>\n\n\n\n<p><\/p>\n","protected":false},"excerpt":{"rendered":"<p>Ieder kind heeft recht op onderwijs Dit recht wordt werkelijkheid voor de kinderen in Ha\u00efti die gesteund worden door Stichting Naar School in Ha\u00efti. Dankzij de stichting kunnen zij naar school en bouwen aan een toekomst. Onderwijs als weg uit armoede Vanuit de overtuiging \u2018onderwijs is het begin van het einde van armoede\u2019\u00a0begon Marijke Zaalberg &hellip; <\/p>\n<p class=\"link-more\"><a href=\"https:\/\/www.therideoneducation.nl\/?page_id=431\" class=\"more-link\">Lees meer<span class=\"screen-reader-text\"> &#8220;Stichting Naar School in Haiti&#8221;<\/span><\/a><\/p>\n","protected":false},"author":4,"featured_media":0,"parent":0,"menu_order":0,"comment_status":"closed","ping_status":"closed","template":"","meta":{"footnotes":""},"class_list":["post-431","page","type-page","status-publish","hentry"],"aioseo_notices":[],"_links":{"self":[{"href":"https:\/\/www.therideoneducation.nl\/index.php?rest_route=\/wp\/v2\/pages\/431","targetHints":{"allow":["GET"]}}],"collection":[{"href":"https:\/\/www.therideoneducation.nl\/index.php?rest_route=\/wp\/v2\/pages"}],"about":[{"href":"https:\/\/www.therideoneducation.nl\/index.php?rest_route=\/wp\/v2\/types\/page"}],"author":[{"embeddable":true,"href":"https:\/\/www.therideoneducation.nl\/index.php?rest_route=\/wp\/v2\/users\/4"}],"replies":[{"embeddable":true,"href":"https:\/\/www.therideoneducation.nl\/index.php?rest_route=%2Fwp%2Fv2%2Fcomments&post=431"}],"version-history":[{"count":229,"href":"https:\/\/www.therideoneducation.nl\/index.php?rest_route=\/wp\/v2\/pages\/431\/revisions"}],"predecessor-version":[{"id":12050,"href":"https:\/\/www.therideoneducation.nl\/index.php?rest_route=\/wp\/v2\/pages\/431\/revisions\/12050"}],"wp:attachment":[{"href":"https:\/\/www.therideoneducation.nl\/index.php?rest_route=%2Fwp%2Fv2%2Fmedia&parent=431"}],"curies":[{"name":"wp","href":"https:\/\/api.w.org\/{rel}","templated":true}]}}