{"id":3531,"date":"2021-05-18T11:52:16","date_gmt":"2021-05-18T10:52:16","guid":{"rendered":"http:\/\/www.therideoneducation.nl\/?page_id=3531"},"modified":"2026-03-11T21:02:34","modified_gmt":"2026-03-11T20:02:34","slug":"belangrijke-info","status":"publish","type":"page","link":"https:\/\/www.therideoneducation.nl\/?page_id=3531","title":{"rendered":"Belangrijke informatie"},"content":{"rendered":"\n<h3 class=\"wp-block-heading\"><strong>The Ride on Education 2026 \u2018Van Bad Nieuweschans naar Kopenhagen\u2019<\/strong><\/h3>\n\n\n<div role=\"presentation\"><i>Fietsen voor onderwijs betekent ook fietsen voor vrijheid. De route en de etappes zijn bijna klaar. Op 1 camping na zijn ook alle campings bevestigd. Onderstaande informatie kan daarom nog iets wijzigen.<\/i><\/div>\n<div role=\"presentation\">\u00a0<\/div>\n<div role=\"presentation\">\n<p><strong>Camping 0 vrijdag 3 juli<\/strong><br \/>Campings Holland Poort, W. Mettingstraat 18, 9693 BX Bad Nieuweschans<\/p>\n<p><strong>Etappe 1 zaterdag 4 juli<br \/><\/strong>Afstand: 75.8 km (W: 100.1 km)<br \/>Hoogtemeters: 120 m (W: 150 m)<br \/>Beginpunt: Muziektent: Voorstraat 1, 9693 EE Bad Nieuweschans<br \/>Tussenstop na 43 km (W na 63 km): Aan de Lieneweg bij knp 69: 53.188932, 7.641064<br \/>Laatste supermarkt v\u00f3\u00f3r camping: Lidl, Westersteder Str. 2a, 26160 Bad Zwischenahn, Duitsland<br \/>Camping L\u00f6nskrug, Heinrichstra\u00dfe 1, 26160 Bad Zwischenahn, Duitsland<\/p>\n<p><strong>Etappe 2 zondag 5 juli<\/strong><br \/>Afstand 85.7 km (W: 109.3 km)<br \/>Hoogtemeters: 190 m (W: 260 m)<br \/>Tussenstop na 42 km (W na 74 km): Parkeerplaats bij de pont over de Wezer, Juliusplate 28, 27804 Berne, Duitsland<br \/>Laatste supermarkt v\u00f3\u00f3r camping: De supermarkten zijn op zondag gesloten!<br \/>Camping Meyer, Schleusenweg 1, 27711 Osterholz-Scharmbeck, Duitsland<br \/>Bijzonderheden: De pont over de Wezer vertrekt elk uur 00, 20, 40 en kost \u20ac2,50.<br \/>N.B. Op zondag zijn de meeste winkels gesloten. Naast de camping is restaurant Zur Teufelsmoorschleuse geopend.<\/p>\n<p><strong>Etappe 3 maandag 6 juli<\/strong><br \/>Afstand 66.7 km (W: 92.7 km)<br \/>Hoogtemeters: 200 m (W: 240 m)<br \/>Tussenstop na 33 km (W na 41 km): In de berm van de Waldstra\u00dfe nabij Anderlingen, ter hoogte van het voetbalveld: 53.365251, 9.294474<br \/>Laatste supermarkt v\u00f3\u00f3r camping: Netto, Otto-Balzer-Stra\u00dfe 2, 21640 Horneburg, Duitsland<br \/>Camping Ne\u00dfhof, Ne\u00dfstra\u00dfe 32, 21720 Guderhandviertel, Duitsland<\/p>\n<p><strong>Etappe 4 dinsdag 7 juli<\/strong><br \/>Afstand 90.7 km (W: 123 km)<br \/>Hoogtemeters: 250 m (W: 550 m)<br \/>Tussenstop na 46 km (W na 75 km): parkeerplaats, Teetzparkweg 15, 22339 Hamburg, Duitsland<br \/>Laatste supermarkt v\u00f3\u00f3r camping: REWE, Neversdorfer Str. 1, 23816 Leezen, Duitsland<br \/>Camping Weisser Brunnen, Seestra\u00dfe 12, 23829 Wittenborn, Duitsland<br \/>Bijzonderheden: Neem vanaf Finkenwerder pont 62 naar Landungsbr\u00fccken. De pont vertrekt elk kwartier, 05, 20, 35, 50 en kost \u20ac4,10. (Geldt niet voor de wielrenroute, die komen over de brug (ook figuurlijk?)<\/p>\n<p><strong>Etappe 5 woensdag 8 juli<\/strong><br \/>Afstand 95.9km (W: 125.6 km)<br \/>Hoogtemeters: 530m (W: 740 m)<br \/>Tussenstop na 55 km (W na 59 km): trailerhelling t.h.v. Eutiner Stra\u00dfe 28, 23701 Eutin, Duitsland<br \/>Laatste supermarkt v\u00f3\u00f3r camping: Netto, Holsteiner Str. 2, 23758 Oldenburg in Holstein, Duitsland<br \/>Camping Blank-Eck, Neuteschendorf 8, 23758 Gremersdorf, Duitsland<\/p>\n<p><strong>Etappe 6 donderdag 9 juli<br \/><\/strong>Afstand 80.7 km (W: 104 km) (inclusief overtocht van 18.9km)<br \/>Hoogtemeters: 200 m (W: 250 m)<br \/>Tussenstop: Geen tussenstop vandaag. De overtocht per pont is halverwege de route.<br \/>Laatste supermarkt <strong>n\u00e1<\/strong> camping Lidl, Brovejen 34, 4930 Maribo, Denemarken (de route gaat eerst langs de camping, dan naar de dichtstbijzijnde supermarkt en dan terug naar de camping.)<br \/>Camping Maribo S\u00f8, Bangshavevej 25, 4930 Maribo, Denemarken<br \/>Bijzonderheden: De pont vertrekt elk half uur, 15, 45 en doet er 45 minuten over. Fietsers moeten via dezelfde route als auto\u2019s de pont op (en niet via de voetgangersroute).<\/p>\n<p><strong>Etappe 7 vrijdag 10 juli<\/strong><br \/>Afstand 89 km (W: 117 km)<br \/>Hoogtemeters: 330 m (W: 380 m)<br \/>Tussenstop na 46 km (W na 74 km): op de parkeerplaats van het Zwembad, Solbakkevej 42, 4760 Vordingborg, Denemarken<br \/>Laatste supermarkt v\u00f3\u00f3r camping Superbrugsen, Hovedgaden 24, 4654 Faxe Ladeplads, Denemarken<br \/>Camping Vemmetofte Strand Camping, Ny Strandskov 1, 4640 Faxe, Denemarken<\/p>\n<p><strong>Etappe 8 zaterdag 11 juli<\/strong><br \/>Afstand 87 km (W: 85 km)<br \/>Hoogtemeters: 220 m (W: 150 m)<br \/>Tussenstop na 46 km (W na 41 km): op de parkeerplaats van de kerk in Solr\u00f8d, Yderholmvej 4, 2680 Solr\u00f8d Strand, Denemarken<br \/>Eindpunt Amalienborg Slotsplads, 1257 K\u00f8benhavn K, Denemarken<\/p>\n<p><strong>Etappe 8a: Van eindpunt rechtstreeks naar camping<\/strong><br \/>Afstand 7.1 km<br \/>Laatste supermarkt v\u00f3\u00f3r camping Meny, Borups All\u00e9 126, 130, 2000 Frederiksberg, Denemarken<br \/>Camping Bellah\u00f8j, Hvidkildevej 66, 2400 K\u00f8benhavn nv, Denemarken<\/p>\n<p><strong>Etappe 8b: Van eindpunt met toeristische route naar camping<\/strong><br \/>Afstand 12.1 km<br \/>Laatste supermarkt v\u00f3\u00f3r camping Meny, Borups All\u00e9 126, 130, 2000 Frederiksberg, Denemarken<br \/>Camping Bellah\u00f8j, Hvidkildevej 66, 2400 K\u00f8benhavn nv, Denemarken<\/p>\n<\/div>\n<div role=\"presentation\">\u00a0<\/div>\n<div role=\"presentation\">Onderstaande route wordt ongeveer gefietst. Zie <a href=\"https:\/\/www.therideoneducation.nl\/?page_id=5910\">fietsroutes<\/a> voor de GPX bestanden.<\/div>\n<div role=\"presentation\">\n<figure id=\"attachment_11866\" aria-describedby=\"caption-attachment-11866\" style=\"width: 950px\" class=\"wp-caption aligncenter\"><a href=\"https:\/\/www.therideoneducation.nl\/wp-content\/uploads\/2025\/11\/Route-2026.png\"><img loading=\"lazy\" decoding=\"async\" class=\"size-large wp-image-11866\" src=\"https:\/\/www.therideoneducation.nl\/wp-content\/uploads\/2025\/11\/Route-2026-1024x676.png\" alt=\"Fietsroute TROE 2026 van Bad Nieuweschans naar Kopenhagen\" width=\"950\" height=\"627\" srcset=\"https:\/\/www.therideoneducation.nl\/wp-content\/uploads\/2025\/11\/Route-2026-1024x676.png 1024w, https:\/\/www.therideoneducation.nl\/wp-content\/uploads\/2025\/11\/Route-2026-300x198.png 300w, https:\/\/www.therideoneducation.nl\/wp-content\/uploads\/2025\/11\/Route-2026.png 1303w\" sizes=\"auto, (max-width: 950px) 100vw, 950px\" \/><\/a><figcaption id=\"caption-attachment-11866\" class=\"wp-caption-text\">Fietsroute TROE 2026 van Bad Nieuweschans naar Kopenhagen<\/figcaption><\/figure>\n<\/div>","protected":false},"excerpt":{"rendered":"<p>The Ride on Education 2026 \u2018Van Bad Nieuweschans naar Kopenhagen\u2019 Fietsen voor onderwijs betekent ook fietsen voor vrijheid. De route en de etappes zijn bijna klaar. Op 1 camping na zijn ook alle campings bevestigd. Onderstaande informatie kan daarom nog iets wijzigen. \u00a0 Camping 0 vrijdag 3 juliCampings Holland Poort, W. Mettingstraat 18, 9693 BX &hellip; <\/p>\n<p class=\"link-more\"><a href=\"https:\/\/www.therideoneducation.nl\/?page_id=3531\" class=\"more-link\">Lees meer<span class=\"screen-reader-text\"> &#8220;Belangrijke informatie&#8221;<\/span><\/a><\/p>\n","protected":false},"author":4,"featured_media":0,"parent":0,"menu_order":0,"comment_status":"closed","ping_status":"closed","template":"","meta":{"footnotes":""},"class_list":["post-3531","page","type-page","status-publish","hentry"],"aioseo_notices":[],"_links":{"self":[{"href":"https:\/\/www.therideoneducation.nl\/index.php?rest_route=\/wp\/v2\/pages\/3531","targetHints":{"allow":["GET"]}}],"collection":[{"href":"https:\/\/www.therideoneducation.nl\/index.php?rest_route=\/wp\/v2\/pages"}],"about":[{"href":"https:\/\/www.therideoneducation.nl\/index.php?rest_route=\/wp\/v2\/types\/page"}],"author":[{"embeddable":true,"href":"https:\/\/www.therideoneducation.nl\/index.php?rest_route=\/wp\/v2\/users\/4"}],"replies":[{"embeddable":true,"href":"https:\/\/www.therideoneducation.nl\/index.php?rest_route=%2Fwp%2Fv2%2Fcomments&post=3531"}],"version-history":[{"count":56,"href":"https:\/\/www.therideoneducation.nl\/index.php?rest_route=\/wp\/v2\/pages\/3531\/revisions"}],"predecessor-version":[{"id":12052,"href":"https:\/\/www.therideoneducation.nl\/index.php?rest_route=\/wp\/v2\/pages\/3531\/revisions\/12052"}],"wp:attachment":[{"href":"https:\/\/www.therideoneducation.nl\/index.php?rest_route=%2Fwp%2Fv2%2Fmedia&parent=3531"}],"curies":[{"name":"wp","href":"https:\/\/api.w.org\/{rel}","templated":true}]}}