{"id":11855,"date":"2025-11-23T17:51:18","date_gmt":"2025-11-23T16:51:18","guid":{"rendered":"https:\/\/www.therideoneducation.nl\/?page_id=11855"},"modified":"2025-11-23T17:53:38","modified_gmt":"2025-11-23T16:53:38","slug":"stichting-dorcas","status":"publish","type":"page","link":"https:\/\/www.therideoneducation.nl\/?page_id=11855","title":{"rendered":"Stichting Dorcas"},"content":{"rendered":"\n<p><strong>Project: Meisjesschool in Hawassa, Ethiopi\u00eb<\/strong><\/p>\n\n\n\n<div class=\"wp-block-media-text is-stacked-on-mobile\"><figure class=\"wp-block-media-text__media\"><img loading=\"lazy\" decoding=\"async\" width=\"800\" height=\"450\" src=\"https:\/\/www.therideoneducation.nl\/wp-content\/uploads\/2025\/11\/dorcas1-1.jpg\" alt=\"\" class=\"wp-image-11856 size-full\" srcset=\"https:\/\/www.therideoneducation.nl\/wp-content\/uploads\/2025\/11\/dorcas1-1.jpg 800w, https:\/\/www.therideoneducation.nl\/wp-content\/uploads\/2025\/11\/dorcas1-1-300x169.jpg 300w\" sizes=\"auto, (max-width: 800px) 100vw, 800px\" \/><\/figure><div class=\"wp-block-media-text__content\">\n<p>In Ethiopi\u00eb groeit de economie snel, maar ook de kloof tussen jongeren m\u00e9t en zonder werk. Vooral in Hawassa, de bruisende hoofdstad van de Sidama-regio, staan veel jonge vrouwen uit arme gezinnen buitenspel. Ze hebben weinig toegang tot goed onderwijs, beschikken niet over praktische vaardigheden en zijn daardoor extra kwetsbaar voor armoede en sociale uitsluiting. Tegelijkertijd groeit in Hawassa de vraag naar goed opgeleid personeel in hotels, restaurants en toeristische ondernemingen. Dat is precies waar dit project het verschil wil maken.<\/p>\n<\/div><\/div>\n\n\n\n<div class=\"wp-block-media-text has-media-on-the-right is-stacked-on-mobile\"><div class=\"wp-block-media-text__content\">\n<p><strong>Over dit project:<\/strong><\/p>\n\n\n\n<p>Met dit project bieden we jonge vrouwen en meisjes een intensieve training in:<\/p>\n\n\n\n<ul class=\"wp-block-list\">\n<li>Voedselbereiding en keukenvaardigheden<\/li>\n\n\n\n<li>Ondernemerschap en gastvrijheid<\/li>\n\n\n\n<li>Vreemde talen en communicatievaardigheden<\/li>\n\n\n\n<li>Levensvaardigheden en persoonlijke ontwikkeling<\/li>\n<\/ul>\n\n\n\n<p>De deelnemers leren niet alleen een vak, maar bouwen ook aan hun zelfvertrouwen en toekomstvisie. Onze aanpak is praktisch, persoonlijk en gericht op echte kansen op de arbeidsmarkt.<\/p>\n<\/div><figure class=\"wp-block-media-text__media\"><img loading=\"lazy\" decoding=\"async\" width=\"800\" height=\"450\" src=\"https:\/\/www.therideoneducation.nl\/wp-content\/uploads\/2025\/11\/dorcas2-1.jpg\" alt=\"\" class=\"wp-image-11857 size-full\" srcset=\"https:\/\/www.therideoneducation.nl\/wp-content\/uploads\/2025\/11\/dorcas2-1.jpg 800w, https:\/\/www.therideoneducation.nl\/wp-content\/uploads\/2025\/11\/dorcas2-1-300x169.jpg 300w\" sizes=\"auto, (max-width: 800px) 100vw, 800px\" \/><\/figure><\/div>\n\n\n\n<div class=\"wp-block-media-text is-stacked-on-mobile\"><figure class=\"wp-block-media-text__media\"><img loading=\"lazy\" decoding=\"async\" width=\"800\" height=\"450\" src=\"https:\/\/www.therideoneducation.nl\/wp-content\/uploads\/2025\/11\/dorcas3-1.jpg\" alt=\"\" class=\"wp-image-11858 size-full\" srcset=\"https:\/\/www.therideoneducation.nl\/wp-content\/uploads\/2025\/11\/dorcas3-1.jpg 800w, https:\/\/www.therideoneducation.nl\/wp-content\/uploads\/2025\/11\/dorcas3-1-300x169.jpg 300w\" sizes=\"auto, (max-width: 800px) 100vw, 800px\" \/><\/figure><div class=\"wp-block-media-text__content\">\n<p>lokale hotels en restaurants, zoals het Rori International Hotel. Na afloop begeleiden we hen naar werk of ondersteunen we bij het starten van een eigen onderneming.<\/p>\n\n\n\n<p>We werken nauw samen met een breed netwerk van betrokken organisaties. Samen bouwen we aan een programma dat niet alleen banen cre\u00ebert, maar ook waardigheid, hoop en perspectief.<\/p>\n<\/div><\/div>\n\n\n\n<div class=\"wp-block-media-text has-media-on-the-right is-stacked-on-mobile\"><div class=\"wp-block-media-text__content\">\n<p><strong>Een hoopvolle toekomst<\/strong><\/p>\n\n\n\n<p>Na afloop van de opleiding worden de vrouwen direct gekoppeld aan werkgevers of ondersteund bij het starten van hun eigen onderneming. Door de nauwe samenwerking met lokale hotels, ondernemers en overheidsinstellingen blijft het programma ook op de lange termijn bestaan. Zo investeren we in duurzame verandering: van afhankelijkheid naar zelfstandigheid.<\/p>\n\n\n\n<p>Wij geloven dat elk meisje recht heeft op een toekomst waarin ze haar talenten kan inzetten, een eerlijk inkomen kan verdienen en met trots kan bijdragen aan haar gemeenschap. Met dit project zetten we samen een stap naar die toekomst.<\/p>\n<\/div><figure class=\"wp-block-media-text__media\"><img loading=\"lazy\" decoding=\"async\" width=\"800\" height=\"533\" src=\"https:\/\/www.therideoneducation.nl\/wp-content\/uploads\/2025\/11\/dorcas4-1.jpg\" alt=\"\" class=\"wp-image-11859 size-full\" srcset=\"https:\/\/www.therideoneducation.nl\/wp-content\/uploads\/2025\/11\/dorcas4-1.jpg 800w, https:\/\/www.therideoneducation.nl\/wp-content\/uploads\/2025\/11\/dorcas4-1-300x200.jpg 300w\" sizes=\"auto, (max-width: 800px) 100vw, 800px\" \/><\/figure><\/div>\n\n\n\n<p><\/p>\n\n\n\n<p><\/p>\n\n\n\n<div class=\"wp-block-buttons is-layout-flex wp-block-buttons-is-layout-flex\">\n<div class=\"wp-block-button\"><a class=\"wp-block-button__link wp-element-button\" href=\"https:\/\/www.therideoneducation.nl\/?page_id=4721\">Fiets met ons mee!<\/a><\/div>\n<\/div>\n\n\n\n<p><\/p>\n\n\n\n<div class=\"wp-block-media-text is-stacked-on-mobile\" style=\"grid-template-columns:17% auto\"><figure class=\"wp-block-media-text__media\"><img loading=\"lazy\" decoding=\"async\" width=\"1024\" height=\"236\" src=\"https:\/\/www.therideoneducation.nl\/wp-content\/uploads\/2025\/11\/dorcas_logo_kleur-1-1024x236.png\" alt=\"\" class=\"wp-image-11860 size-full\" srcset=\"https:\/\/www.therideoneducation.nl\/wp-content\/uploads\/2025\/11\/dorcas_logo_kleur-1-1024x236.png 1024w, https:\/\/www.therideoneducation.nl\/wp-content\/uploads\/2025\/11\/dorcas_logo_kleur-1-300x69.png 300w, https:\/\/www.therideoneducation.nl\/wp-content\/uploads\/2025\/11\/dorcas_logo_kleur-1-2000x461.png 2000w\" sizes=\"auto, (max-width: 1024px) 100vw, 1024px\" \/><\/figure><div class=\"wp-block-media-text__content\">\n<p><a href=\"http:\/\/www.dorcas.nl\" target=\"_blank\" rel=\"noopener\" title=\"www.dorcas.nl\">www.dorcas.nl<\/a><\/p>\n<\/div><\/div>\n\n\n\n<p><\/p>\n","protected":false},"excerpt":{"rendered":"<p>Project: Meisjesschool in Hawassa, Ethiopi\u00eb In Ethiopi\u00eb groeit de economie snel, maar ook de kloof tussen jongeren m\u00e9t en zonder werk. Vooral in Hawassa, de bruisende hoofdstad van de Sidama-regio, staan veel jonge vrouwen uit arme gezinnen buitenspel. Ze hebben weinig toegang tot goed onderwijs, beschikken niet over praktische vaardigheden en zijn daardoor extra kwetsbaar &hellip; <\/p>\n<p class=\"link-more\"><a href=\"https:\/\/www.therideoneducation.nl\/?page_id=11855\" class=\"more-link\">Lees meer<span class=\"screen-reader-text\"> &#8220;Stichting Dorcas&#8221;<\/span><\/a><\/p>\n","protected":false},"author":4,"featured_media":0,"parent":0,"menu_order":0,"comment_status":"closed","ping_status":"closed","template":"","meta":{"footnotes":""},"class_list":["post-11855","page","type-page","status-publish","hentry"],"aioseo_notices":[],"_links":{"self":[{"href":"https:\/\/www.therideoneducation.nl\/index.php?rest_route=\/wp\/v2\/pages\/11855","targetHints":{"allow":["GET"]}}],"collection":[{"href":"https:\/\/www.therideoneducation.nl\/index.php?rest_route=\/wp\/v2\/pages"}],"about":[{"href":"https:\/\/www.therideoneducation.nl\/index.php?rest_route=\/wp\/v2\/types\/page"}],"author":[{"embeddable":true,"href":"https:\/\/www.therideoneducation.nl\/index.php?rest_route=\/wp\/v2\/users\/4"}],"replies":[{"embeddable":true,"href":"https:\/\/www.therideoneducation.nl\/index.php?rest_route=%2Fwp%2Fv2%2Fcomments&post=11855"}],"version-history":[{"count":2,"href":"https:\/\/www.therideoneducation.nl\/index.php?rest_route=\/wp\/v2\/pages\/11855\/revisions"}],"predecessor-version":[{"id":11863,"href":"https:\/\/www.therideoneducation.nl\/index.php?rest_route=\/wp\/v2\/pages\/11855\/revisions\/11863"}],"wp:attachment":[{"href":"https:\/\/www.therideoneducation.nl\/index.php?rest_route=%2Fwp%2Fv2%2Fmedia&parent=11855"}],"curies":[{"name":"wp","href":"https:\/\/api.w.org\/{rel}","templated":true}]}}